{"id":149,"date":"2022-11-17T10:07:09","date_gmt":"2022-11-17T09:07:09","guid":{"rendered":"https:\/\/afman.fr\/?page_id=149"},"modified":"2022-11-17T17:31:54","modified_gmt":"2022-11-17T16:31:54","slug":"quest-ce-quune-doula","status":"publish","type":"page","link":"https:\/\/afman.fr\/index.php\/quest-ce-quune-doula\/","title":{"rendered":"Qu&#8217;est-ce qu&#8217;une doula ?"},"content":{"rendered":"\t\t<div data-elementor-type=\"wp-page\" data-elementor-id=\"149\" class=\"elementor elementor-149\">\n\t\t\t\t\t\t\t\t\t<section class=\"elementor-section elementor-top-section elementor-element elementor-element-4a23470 elementor-section-boxed elementor-section-height-default elementor-section-height-default\" data-id=\"4a23470\" data-element_type=\"section\">\n\t\t\t\t\t\t<div class=\"elementor-container elementor-column-gap-default\">\n\t\t\t\t\t<div class=\"elementor-column elementor-col-50 elementor-top-column elementor-element elementor-element-22f4cd1\" data-id=\"22f4cd1\" data-element_type=\"column\">\n\t\t\t<div class=\"elementor-widget-wrap elementor-element-populated\">\n\t\t\t\t\t\t\t\t<div class=\"elementor-element elementor-element-c24420e elementor-widget elementor-widget-image\" data-id=\"c24420e\" data-element_type=\"widget\" data-widget_type=\"image.default\">\n\t\t\t\t<div class=\"elementor-widget-container\">\n\t\t\t<style>\/*! elementor - v3.11.1 - 15-02-2023 *\/\n.elementor-widget-image{text-align:center}.elementor-widget-image a{display:inline-block}.elementor-widget-image a img[src$=\".svg\"]{width:48px}.elementor-widget-image img{vertical-align:middle;display:inline-block}<\/style>\t\t\t\t\t\t\t\t\t\t\t\t<img loading=\"lazy\" decoding=\"async\" width=\"410\" height=\"1024\" src=\"https:\/\/afman.fr\/wp-content\/uploads\/2022\/11\/doula-410x1024.jpg\" class=\"attachment-large size-large wp-image-470\" alt=\"\" srcset=\"https:\/\/afman.fr\/wp-content\/uploads\/2022\/11\/doula-410x1024.jpg 410w, https:\/\/afman.fr\/wp-content\/uploads\/2022\/11\/doula-120x300.jpg 120w, https:\/\/afman.fr\/wp-content\/uploads\/2022\/11\/doula-768x1920.jpg 768w, https:\/\/afman.fr\/wp-content\/uploads\/2022\/11\/doula-600x1500.jpg 600w, https:\/\/afman.fr\/wp-content\/uploads\/2022\/11\/doula.jpg 800w\" sizes=\"auto, (max-width: 410px) 100vw, 410px\" \/>\t\t\t\t\t\t\t\t\t\t\t\t\t\t\t<\/div>\n\t\t\t\t<\/div>\n\t\t\t\t\t<\/div>\n\t\t<\/div>\n\t\t\t\t<div class=\"elementor-column elementor-col-50 elementor-top-column elementor-element elementor-element-7ce6e7a\" data-id=\"7ce6e7a\" data-element_type=\"column\">\n\t\t\t<div class=\"elementor-widget-wrap elementor-element-populated\">\n\t\t\t\t\t\t\t\t<div class=\"elementor-element elementor-element-0a50820 elementor-widget elementor-widget-text-editor\" data-id=\"0a50820\" data-element_type=\"widget\" data-widget_type=\"text-editor.default\">\n\t\t\t\t<div class=\"elementor-widget-container\">\n\t\t\t<style>\/*! elementor - v3.11.1 - 15-02-2023 *\/\n.elementor-widget-text-editor.elementor-drop-cap-view-stacked .elementor-drop-cap{background-color:#818a91;color:#fff}.elementor-widget-text-editor.elementor-drop-cap-view-framed .elementor-drop-cap{color:#818a91;border:3px solid;background-color:transparent}.elementor-widget-text-editor:not(.elementor-drop-cap-view-default) .elementor-drop-cap{margin-top:8px}.elementor-widget-text-editor:not(.elementor-drop-cap-view-default) .elementor-drop-cap-letter{width:1em;height:1em}.elementor-widget-text-editor .elementor-drop-cap{float:left;text-align:center;line-height:1;font-size:50px}.elementor-widget-text-editor .elementor-drop-cap-letter{display:inline-block}<\/style>\t\t\t\t<h3>Qu&#8217;est ce qu&#8217;une doula ?<\/h3><section id=\"hero\" class=\"relative overflow-hidden \"><div class=\"xl:container xl:mx-auto md:px-6 px-4 relative pt-32 md:pt-40 lg:pt-48 xl:pt-56 pb-16 md:pb-20 lg:pb-24 xl:pb-32\"><div class=\"flex text-right justify-end\"><div class=\"w-5\/6 md:w-3\/4 lg:w-2\/3 xl:w-1\/2\"><div class=\"mt-3 text-gray-200 text-lg md:text-xl\"><p><em>Nous sommes des \u00eatres humains qui accompagnons d&#8217;autres \u00eatres humains autour de la naissance d&#8217;un tout petit. Nous accompagnons \u00e9galement plus globalement la vie d&#8217;une femme (premi\u00e8re r\u00e8gles, m\u00e9nopause,&#8230;) la vie d&#8217;une famille (deuil p\u00e9rinatal,&#8230;).<\/em><\/p><\/div><\/div><\/div><\/div><\/section><section class=\"flex-1\"><div class=\"pt-0\"><div class=\"xl:container xl:mx-auto md:px-6 px-4 bg-white dark:bg-gray-900 py-8 md:py-24 py-12\"><div class=\"flex\"><nav class=\"hidden md:block w-1\/4 lg:w-1\/5 border-r border-gray-200 dark:border-gray-700 pr-3\"><div class=\"flex w-full h-full\">\u00a0<\/div><\/nav><\/div><\/div><\/div><\/section><p>Le m\u00e9tier de doula est fond\u00e9 avant tout sur: la\u00a0<strong>relation d&#8217;aide<\/strong>, la\u00a0<strong>pr\u00e9sence<\/strong>, l&#8217;<strong>\u00e9coute<\/strong>.<\/p><ul><li>L&#8217;accompagnante met \u00e0 disposition ses connaissances, chacune ayant ses comp\u00e9tences propres.<\/li><li>Elle comprend les enjeux de la naissance de part sa propre exp\u00e9rience et sa formation.<\/li><li>C&#8217;est une personne ressource qui apporte son soutien au niveau physique, \u00e9motionnel, organisationnel&#8230;<\/li><li>Son soutien est non m\u00e9dical, compl\u00e9mentaire du suivi habituel avec un professionnel de sant\u00e9. C&#8217;est une profession non-m\u00e9dicale, ce qui signifie qu&#8217;une accompagnante \u00e0 la naissance ne peut pas effectuer de test m\u00e9dical ou faire de diagnostic.<\/li><li>Cependant, une accompagnante \u00e0 la naissance est form\u00e9e pour reconna\u00eetre certains sympt\u00f4mes (ex : les signes de la D\u00e9pression Post-Partum) et peut ainsi informer les parents de la n\u00e9cessit\u00e9 d&#8217;une consultation m\u00e9dicale appropri\u00e9e.<\/li><li>Elle apporte son soutien de la pr\u00e9-conception \u00e0 la fin de la p\u00e9riode postnatale et plus globalement durant la vie d&#8217;une femme et la construction d&#8217;une famille.<\/li><li>Elle fait preuve d&#8217;une grande disponibilit\u00e9.<\/li><li>Elle est source d&#8217;informations, d&#8217;outils. Les informations qu&#8217;elle fournit \u00e0 ses clients proviennent d&#8217;\u00e9tudes cliniques rigoureuses qui ont \u00e9t\u00e9 r\u00e9alis\u00e9es, \u00e9valu\u00e9es et publi\u00e9es dans des revues m\u00e9dicales reconnues mondialement.<\/li><li>Elle se fera guide, sans jugement, tout en ayant un devoir de neutralit\u00e9. Elle accompagne les parents en toute bienveillance et en respectant leurs valeurs, leurs choix.<\/li><li>Elle \u00e9coute, r\u00e9pond aux questionnements et aux angoisses, rassure, d\u00e9mystifie la grossesse et l&#8217;accouchement.<\/li><li>Elle permet aux parents de faire des choix \u00e9clair\u00e9s, favorisant la libert\u00e9, la confiance, le calme. Elle leur permet \u00e9galement de devenir acteurs de leur accouchement, en favorisant l&#8217;humain, et guide la femme pour qu&#8217;elle puisse trouver ou retrouver de la confiance en sa capacit\u00e9 d&#8217;enfanter, tout en puissance.<\/li><li>Elle offre une pr\u00e9sence continue, un soutien \u00e9motionnel pendant l&#8217;accouchement, et soutient \u00e9galement le(la) conjoint(e). Sa pr\u00e9sence peut aussi remplacer une absence du(de la) conjoint(e)<\/li><li>L&#8217;accompagnante facilite \u00e9galement le lien avec l&#8217;\u00e9quipe m\u00e9dicale si besoin.<\/li><li>En postnatal, elle concentre son \u00e9coute, son aide et son attention sur la m\u00e8re mais \u00e9galement sur le p\u00e8re et la fratrie pour que chacun trouve sa place.<\/li><li>Elle agit en pr\u00e9ventif sur la p\u00e9riode du post-partum et plus globalement sur la relation de couple. Elle assure une pr\u00e9sence chaleureuse et r\u00e9confortante pour la famille, tout en discr\u00e9tion.<\/li><li>Elle aborde: le v\u00e9cu \u00e9motionnel de l&#8217;accouchement, l&#8217;allaitement, les suites de couches, la nouvelle organisation familiale, le lien d&#8217;attachement m\u00e8re-enfant, les rythmes naturels du nouveau-n\u00e9, le baby blues, la sant\u00e9 \u00e9motionnelle de la nouvelle maman&#8230;<\/li><li>Dans le cadre d&#8217;un service de relevailles, elle peut \u00e9galement apporter une aide logistique en pr\u00e9parant des repas chauds, en faisant quelques courses,en effectuant de petites t\u00e2ches m\u00e9nag\u00e8res ou tout autre service qui soulagerait la m\u00e8re et lui permettrait de souffler.<\/li><\/ul><h3>Quelles sont nos origines ?<\/h3><p>Le terme accompagnante \u00e0 la naissance, ou doula, est apparu dans les ann\u00e9es 1960 pour d\u00e9crire la pr\u00e9sence r\u00e9confortante d&#8217;une personne pendant la p\u00e9riode de travail de l&#8217;accouchement.<\/p><p>Historiquement, ce type de personnel de soutien a \u00e9t\u00e9 utilis\u00e9 par les grecs dans les temps anciens, en qualit\u00e9 de serviteur.<\/p><p>De nos jours, les accompagnantes \u00e0 la naissance sont tr\u00e8s r\u00e9pandues notamment dans les pays anglophones (aux Etats-Unis, au Canada, en Angleterre&#8230;) mais aussi en Belgique, en Suisse&#8230;<\/p><p>Cette popularit\u00e9 r\u00e9cente est le r\u00e9sultat de nombreuses \u00e9tudes cliniques (OMS, PubMed, Cochrane&#8230;) qui ont d\u00e9montr\u00e9 que le soutien continu apporte de nombreux bienfaits, notamment:<\/p><ul><li>l&#8217;augmentation des chances d&#8217;avoir un accouchement par voie basse spontan\u00e9<\/li><li>la diminution du taux de c\u00e9sarienne<\/li><li>la diminution de la dur\u00e9e du travail<\/li><li>la diminution du recours \u00e0 l&#8217;ocytocine synth\u00e9tique<\/li><li>la diminution du recours \u00e0 l&#8217;anesth\u00e9sie p\u00e9ridurale<\/li><li>la diminution du recours aux forceps ou \u00e0 la ventouse<\/li><li>l&#8217;am\u00e9lioration des d\u00e9buts de l&#8217;allaitement<\/li><li>l&#8217;augmentation de la satisfaction par rapport \u00e0 l&#8217;accouchement<\/li><li>l&#8217;augmentation du sentiment de contr\u00f4le<\/li><li>la diminution du risque de d\u00e9pression post-partum<\/li><\/ul>\t\t\t\t\t\t<\/div>\n\t\t\t\t<\/div>\n\t\t\t\t\t<\/div>\n\t\t<\/div>\n\t\t\t\t\t\t\t<\/div>\n\t\t<\/section>\n\t\t\t\t<section class=\"elementor-section elementor-top-section elementor-element elementor-element-9c40558 elementor-section-boxed elementor-section-height-default elementor-section-height-default\" data-id=\"9c40558\" data-element_type=\"section\">\n\t\t\t\t\t\t<div class=\"elementor-container elementor-column-gap-default\">\n\t\t\t\t\t<div class=\"elementor-column elementor-col-100 elementor-top-column elementor-element elementor-element-0d9ad4f\" data-id=\"0d9ad4f\" data-element_type=\"column\">\n\t\t\t<div class=\"elementor-widget-wrap\">\n\t\t\t\t\t\t\t\t\t<\/div>\n\t\t<\/div>\n\t\t\t\t\t\t\t<\/div>\n\t\t<\/section>\n\t\t\t\t\t\t\t<\/div>\n\t\t","protected":false},"excerpt":{"rendered":"<p>Qu&#8217;est ce qu&#8217;une doula ? Nous sommes des \u00eatres humains qui accompagnons d&#8217;autres \u00eatres humains autour de la naissance d&#8217;un tout petit. Nous accompagnons \u00e9galement plus globalement la vie d&#8217;une femme (premi\u00e8re r\u00e8gles, m\u00e9nopause,&#8230;) la vie d&#8217;une famille (deuil p\u00e9rinatal,&#8230;). \u00a0 Le m\u00e9tier de doula est fond\u00e9 avant tout sur: la\u00a0relation d&#8217;aide, la\u00a0pr\u00e9sence, l&#8217;\u00e9coute. L&#8217;accompagnante &hellip;<\/p>\n<p class=\"read-more\"> <a class=\"\" href=\"https:\/\/afman.fr\/index.php\/quest-ce-quune-doula\/\"> <span class=\"screen-reader-text\">Qu&#8217;est-ce qu&#8217;une doula ?<\/span> Lire la suite\u00a0\u00bb<\/a><\/p>\n","protected":false},"author":1,"featured_media":0,"parent":0,"menu_order":0,"comment_status":"closed","ping_status":"closed","template":"","meta":{"site-sidebar-layout":"no-sidebar","site-content-layout":"page-builder","ast-global-header-display":"","ast-main-header-display":"","ast-hfb-above-header-display":"","ast-hfb-below-header-display":"","ast-hfb-mobile-header-display":"","site-post-title":"disabled","ast-breadcrumbs-content":"","ast-featured-img":"disabled","footer-sml-layout":"","theme-transparent-header-meta":"","adv-header-id-meta":"","stick-header-meta":"","header-above-stick-meta":"","header-main-stick-meta":"","header-below-stick-meta":"","footnotes":""},"class_list":["post-149","page","type-page","status-publish","hentry"],"featured_media_urls":[],"_links":{"self":[{"href":"https:\/\/afman.fr\/index.php\/wp-json\/wp\/v2\/pages\/149","targetHints":{"allow":["GET"]}}],"collection":[{"href":"https:\/\/afman.fr\/index.php\/wp-json\/wp\/v2\/pages"}],"about":[{"href":"https:\/\/afman.fr\/index.php\/wp-json\/wp\/v2\/types\/page"}],"author":[{"embeddable":true,"href":"https:\/\/afman.fr\/index.php\/wp-json\/wp\/v2\/users\/1"}],"replies":[{"embeddable":true,"href":"https:\/\/afman.fr\/index.php\/wp-json\/wp\/v2\/comments?post=149"}],"version-history":[{"count":13,"href":"https:\/\/afman.fr\/index.php\/wp-json\/wp\/v2\/pages\/149\/revisions"}],"predecessor-version":[{"id":476,"href":"https:\/\/afman.fr\/index.php\/wp-json\/wp\/v2\/pages\/149\/revisions\/476"}],"wp:attachment":[{"href":"https:\/\/afman.fr\/index.php\/wp-json\/wp\/v2\/media?parent=149"}],"curies":[{"name":"wp","href":"https:\/\/api.w.org\/{rel}","templated":true}]}}