{"id":152,"date":"2022-11-17T10:07:09","date_gmt":"2022-11-17T09:07:09","guid":{"rendered":"https:\/\/afman.fr\/?page_id=152"},"modified":"2026-03-17T22:31:48","modified_gmt":"2026-03-17T21:31:48","slug":"auvergne-rhone-alpes","status":"publish","type":"page","link":"https:\/\/afman.fr\/index.php\/auvergne-rhone-alpes\/","title":{"rendered":"Auvergne-Rh\u00f4ne-Alpes"},"content":{"rendered":"\t\t<div data-elementor-type=\"wp-page\" data-elementor-id=\"152\" class=\"elementor elementor-152\">\n\t\t\t\t\t\t\t\t\t<section class=\"elementor-section elementor-top-section elementor-element elementor-element-cfcc044 elementor-section-boxed elementor-section-height-default elementor-section-height-default\" data-id=\"cfcc044\" data-element_type=\"section\">\n\t\t\t\t\t\t<div class=\"elementor-container elementor-column-gap-default\">\n\t\t\t\t\t<div class=\"elementor-column elementor-col-100 elementor-top-column elementor-element elementor-element-c1394d5\" data-id=\"c1394d5\" data-element_type=\"column\">\n\t\t\t<div class=\"elementor-widget-wrap elementor-element-populated\">\n\t\t\t\t\t\t\t\t<div class=\"elementor-element elementor-element-a2e6d55 elementor-widget elementor-widget-heading\" data-id=\"a2e6d55\" data-element_type=\"widget\" data-widget_type=\"heading.default\">\n\t\t\t\t<div class=\"elementor-widget-container\">\n\t\t\t<style>\/*! elementor - v3.11.1 - 15-02-2023 *\/\n.elementor-heading-title{padding:0;margin:0;line-height:1}.elementor-widget-heading .elementor-heading-title[class*=elementor-size-]>a{color:inherit;font-size:inherit;line-height:inherit}.elementor-widget-heading .elementor-heading-title.elementor-size-small{font-size:15px}.elementor-widget-heading .elementor-heading-title.elementor-size-medium{font-size:19px}.elementor-widget-heading .elementor-heading-title.elementor-size-large{font-size:29px}.elementor-widget-heading .elementor-heading-title.elementor-size-xl{font-size:39px}.elementor-widget-heading .elementor-heading-title.elementor-size-xxl{font-size:59px}<\/style><h3 class=\"elementor-heading-title elementor-size-default\">Ard\u00e8che<\/h3>\t\t<\/div>\n\t\t\t\t<\/div>\n\t\t\t\t\t<\/div>\n\t\t<\/div>\n\t\t\t\t\t\t\t<\/div>\n\t\t<\/section>\n\t\t\t\t<section class=\"elementor-section elementor-top-section elementor-element elementor-element-bf85b9c elementor-section-boxed elementor-section-height-default elementor-section-height-default\" data-id=\"bf85b9c\" data-element_type=\"section\">\n\t\t\t\t\t\t<div class=\"elementor-container elementor-column-gap-default\">\n\t\t\t\t\t<div class=\"elementor-column elementor-col-50 elementor-top-column elementor-element elementor-element-582dca3\" data-id=\"582dca3\" data-element_type=\"column\">\n\t\t\t<div class=\"elementor-widget-wrap elementor-element-populated\">\n\t\t\t\t\t\t\t\t<div class=\"elementor-element elementor-element-4e99e55 elementor-widget elementor-widget-heading\" data-id=\"4e99e55\" data-element_type=\"widget\" data-widget_type=\"heading.default\">\n\t\t\t\t<div class=\"elementor-widget-container\">\n\t\t\t<h4 class=\"elementor-heading-title elementor-size-default\">B\u00e9n\u00e9dicte Faugloire<\/h4>\t\t<\/div>\n\t\t\t\t<\/div>\n\t\t\t\t<div class=\"elementor-element elementor-element-e44c49e elementor-widget elementor-widget-text-editor\" data-id=\"e44c49e\" data-element_type=\"widget\" data-widget_type=\"text-editor.default\">\n\t\t\t\t<div class=\"elementor-widget-container\">\n\t\t\t<style>\/*! elementor - v3.11.1 - 15-02-2023 *\/\n.elementor-widget-text-editor.elementor-drop-cap-view-stacked .elementor-drop-cap{background-color:#818a91;color:#fff}.elementor-widget-text-editor.elementor-drop-cap-view-framed .elementor-drop-cap{color:#818a91;border:3px solid;background-color:transparent}.elementor-widget-text-editor:not(.elementor-drop-cap-view-default) .elementor-drop-cap{margin-top:8px}.elementor-widget-text-editor:not(.elementor-drop-cap-view-default) .elementor-drop-cap-letter{width:1em;height:1em}.elementor-widget-text-editor .elementor-drop-cap{float:left;text-align:center;line-height:1;font-size:50px}.elementor-widget-text-editor .elementor-drop-cap-letter{display:inline-block}<\/style>\t\t\t\t<h6>Doula<\/h6><p class=\"mt-1 mb-0\">Saint-Rem\u00e8ze<\/p><p class=\"mt-1 mb-0\">0688274453<\/p><p><a href=\"mailto:bene@doulabene.fr\">bene@doulabene.fr<\/a><\/p><p><a href=\"http:\/\/www.doulabene.fr\">www.doulabene.fr<\/a><\/p>\t\t\t\t\t\t<\/div>\n\t\t\t\t<\/div>\n\t\t\t\t\t<\/div>\n\t\t<\/div>\n\t\t\t\t<div class=\"elementor-column elementor-col-50 elementor-top-column elementor-element elementor-element-1a5ec16\" data-id=\"1a5ec16\" data-element_type=\"column\">\n\t\t\t<div class=\"elementor-widget-wrap elementor-element-populated\">\n\t\t\t\t\t\t\t\t<div class=\"elementor-element elementor-element-efe3582 elementor-widget elementor-widget-image\" data-id=\"efe3582\" data-element_type=\"widget\" data-widget_type=\"image.default\">\n\t\t\t\t<div class=\"elementor-widget-container\">\n\t\t\t<style>\/*! elementor - v3.11.1 - 15-02-2023 *\/\n.elementor-widget-image{text-align:center}.elementor-widget-image a{display:inline-block}.elementor-widget-image a img[src$=\".svg\"]{width:48px}.elementor-widget-image img{vertical-align:middle;display:inline-block}<\/style>\t\t\t\t\t\t\t\t\t\t\t\t<img loading=\"lazy\" decoding=\"async\" width=\"261\" height=\"300\" src=\"https:\/\/afman.fr\/wp-content\/uploads\/2026\/03\/Benedicte-Faugloire-261x300.png\" class=\"attachment-medium size-medium wp-image-2210\" alt=\"\" srcset=\"https:\/\/afman.fr\/wp-content\/uploads\/2026\/03\/Benedicte-Faugloire-261x300.png 261w, https:\/\/afman.fr\/wp-content\/uploads\/2026\/03\/Benedicte-Faugloire.png 385w\" sizes=\"auto, (max-width: 261px) 100vw, 261px\" \/>\t\t\t\t\t\t\t\t\t\t\t\t\t\t\t<\/div>\n\t\t\t\t<\/div>\n\t\t\t\t\t<\/div>\n\t\t<\/div>\n\t\t\t\t\t\t\t<\/div>\n\t\t<\/section>\n\t\t\t\t<section class=\"elementor-section elementor-top-section elementor-element elementor-element-98aeca1 elementor-section-boxed elementor-section-height-default elementor-section-height-default\" data-id=\"98aeca1\" data-element_type=\"section\">\n\t\t\t\t\t\t<div class=\"elementor-container elementor-column-gap-default\">\n\t\t\t\t\t<div class=\"elementor-column elementor-col-100 elementor-top-column elementor-element elementor-element-4eb1db4\" data-id=\"4eb1db4\" data-element_type=\"column\">\n\t\t\t<div class=\"elementor-widget-wrap elementor-element-populated\">\n\t\t\t\t\t\t\t\t<div class=\"elementor-element elementor-element-7a39838 elementor-widget elementor-widget-heading\" data-id=\"7a39838\" data-element_type=\"widget\" data-widget_type=\"heading.default\">\n\t\t\t\t<div class=\"elementor-widget-container\">\n\t\t\t<h3 class=\"elementor-heading-title elementor-size-default\">Loire<\/h3>\t\t<\/div>\n\t\t\t\t<\/div>\n\t\t\t\t\t<\/div>\n\t\t<\/div>\n\t\t\t\t\t\t\t<\/div>\n\t\t<\/section>\n\t\t\t\t<section class=\"elementor-section elementor-top-section elementor-element elementor-element-dd5f27a elementor-section-boxed elementor-section-height-default elementor-section-height-default\" data-id=\"dd5f27a\" data-element_type=\"section\">\n\t\t\t\t\t\t<div class=\"elementor-container elementor-column-gap-default\">\n\t\t\t\t\t<div class=\"elementor-column elementor-col-50 elementor-top-column elementor-element elementor-element-1dddcbb\" data-id=\"1dddcbb\" data-element_type=\"column\">\n\t\t\t<div class=\"elementor-widget-wrap elementor-element-populated\">\n\t\t\t\t\t\t\t\t<div class=\"elementor-element elementor-element-caaed51 elementor-widget elementor-widget-heading\" data-id=\"caaed51\" data-element_type=\"widget\" data-widget_type=\"heading.default\">\n\t\t\t\t<div class=\"elementor-widget-container\">\n\t\t\t<h4 class=\"elementor-heading-title elementor-size-default\">Julie Michallet<\/h4>\t\t<\/div>\n\t\t\t\t<\/div>\n\t\t\t\t<div class=\"elementor-element elementor-element-354e0b1 elementor-widget elementor-widget-text-editor\" data-id=\"354e0b1\" data-element_type=\"widget\" data-widget_type=\"text-editor.default\">\n\t\t\t\t<div class=\"elementor-widget-container\">\n\t\t\t\t\t\t\t<h6>Doula<\/h6><p class=\"mt-1 mb-0\">Saint-Just-Saint-Rambert<\/p><p class=\"mt-1 mb-0\">0631062668<\/p><p><a href=\"mailto:ju.michallet@gmail.com\">ju.michallet@gmail.com<\/a><\/p><p><a href=\"http:\/\/juliemichallet.fr\">juliemichallet.fr<\/a><\/p>\t\t\t\t\t\t<\/div>\n\t\t\t\t<\/div>\n\t\t\t\t\t<\/div>\n\t\t<\/div>\n\t\t\t\t<div class=\"elementor-column elementor-col-50 elementor-top-column elementor-element elementor-element-0e5073c\" data-id=\"0e5073c\" data-element_type=\"column\">\n\t\t\t<div class=\"elementor-widget-wrap elementor-element-populated\">\n\t\t\t\t\t\t\t\t<div class=\"elementor-element elementor-element-cf3719d elementor-widget elementor-widget-image\" data-id=\"cf3719d\" data-element_type=\"widget\" data-widget_type=\"image.default\">\n\t\t\t\t<div class=\"elementor-widget-container\">\n\t\t\t\t\t\t\t\t\t\t\t\t\t\t\t<img loading=\"lazy\" decoding=\"async\" width=\"270\" height=\"300\" src=\"https:\/\/afman.fr\/wp-content\/uploads\/2026\/03\/Julie-Michallet-270x300.jpg\" class=\"attachment-medium size-medium wp-image-2214\" alt=\"\" srcset=\"https:\/\/afman.fr\/wp-content\/uploads\/2026\/03\/Julie-Michallet-270x300.jpg 270w, https:\/\/afman.fr\/wp-content\/uploads\/2026\/03\/Julie-Michallet-600x667.jpg 600w, https:\/\/afman.fr\/wp-content\/uploads\/2026\/03\/Julie-Michallet.jpg 639w\" sizes=\"auto, (max-width: 270px) 100vw, 270px\" \/>\t\t\t\t\t\t\t\t\t\t\t\t\t\t\t<\/div>\n\t\t\t\t<\/div>\n\t\t\t\t\t<\/div>\n\t\t<\/div>\n\t\t\t\t\t\t\t<\/div>\n\t\t<\/section>\n\t\t\t\t<section class=\"elementor-section elementor-top-section elementor-element elementor-element-e5fd411 elementor-section-boxed elementor-section-height-default elementor-section-height-default\" data-id=\"e5fd411\" data-element_type=\"section\">\n\t\t\t\t\t\t<div class=\"elementor-container elementor-column-gap-default\">\n\t\t\t\t\t<div class=\"elementor-column elementor-col-100 elementor-top-column elementor-element elementor-element-0854ddf\" data-id=\"0854ddf\" data-element_type=\"column\">\n\t\t\t<div class=\"elementor-widget-wrap elementor-element-populated\">\n\t\t\t\t\t\t\t\t<div class=\"elementor-element elementor-element-a5aca2f elementor-widget elementor-widget-heading\" data-id=\"a5aca2f\" data-element_type=\"widget\" data-widget_type=\"heading.default\">\n\t\t\t\t<div class=\"elementor-widget-container\">\n\t\t\t<h3 class=\"elementor-heading-title elementor-size-default\">Rh\u00f4ne<\/h3>\t\t<\/div>\n\t\t\t\t<\/div>\n\t\t\t\t\t<\/div>\n\t\t<\/div>\n\t\t\t\t\t\t\t<\/div>\n\t\t<\/section>\n\t\t\t\t<section class=\"elementor-section elementor-top-section elementor-element elementor-element-e20228c elementor-section-boxed elementor-section-height-default elementor-section-height-default\" data-id=\"e20228c\" data-element_type=\"section\">\n\t\t\t\t\t\t<div class=\"elementor-container elementor-column-gap-default\">\n\t\t\t\t\t<div class=\"elementor-column elementor-col-50 elementor-top-column elementor-element elementor-element-a54f7c3\" data-id=\"a54f7c3\" data-element_type=\"column\">\n\t\t\t<div class=\"elementor-widget-wrap elementor-element-populated\">\n\t\t\t\t\t\t\t\t<div class=\"elementor-element elementor-element-b0ea065 elementor-widget elementor-widget-heading\" data-id=\"b0ea065\" data-element_type=\"widget\" data-widget_type=\"heading.default\">\n\t\t\t\t<div class=\"elementor-widget-container\">\n\t\t\t<h4 class=\"elementor-heading-title elementor-size-default\">Amandine Pinel<\/h4>\t\t<\/div>\n\t\t\t\t<\/div>\n\t\t\t\t<div class=\"elementor-element elementor-element-6d90c94 elementor-widget elementor-widget-text-editor\" data-id=\"6d90c94\" data-element_type=\"widget\" data-widget_type=\"text-editor.default\">\n\t\t\t\t<div class=\"elementor-widget-container\">\n\t\t\t\t\t\t\t<h6><em>Amandine Bien Na\u00eetre<\/em><\/h6><h6>Doula et praticienne en EFT<\/h6><p class=\"mt-1 mb-0\"><span class=\"text-xl\">Rontalon<\/span><\/p><p class=\"mt-1 mb-0\">07 65 63 04 69<\/p><p class=\"mt-1 mb-0\"><a href=\"mailto:amandine.bien.naitre@gmail.com\" target=\"_blank\" rel=\"noopener\">amandine.bien.naitre@gmail.com<\/a><\/p><p class=\"mt-1 mb-0\"><a href=\"http:\/\/amandine-bien-naitre-doula.fr\/\" target=\"_blank\" rel=\"noopener\" data-saferedirecturl=\"https:\/\/www.google.com\/url?q=http:\/\/amandine-bien-naitre-doula.fr&amp;source=gmail&amp;ust=1669278282977000&amp;usg=AOvVaw0NdROjpQpVPNS4kdclFOPJ\">amandine-bien-naitre-doula.fr<\/a><\/p>\t\t\t\t\t\t<\/div>\n\t\t\t\t<\/div>\n\t\t\t\t\t<\/div>\n\t\t<\/div>\n\t\t\t\t<div class=\"elementor-column elementor-col-50 elementor-top-column elementor-element elementor-element-d498582\" data-id=\"d498582\" data-element_type=\"column\">\n\t\t\t<div class=\"elementor-widget-wrap elementor-element-populated\">\n\t\t\t\t\t\t\t\t<div class=\"elementor-element elementor-element-0348539 elementor-widget elementor-widget-image\" data-id=\"0348539\" data-element_type=\"widget\" data-widget_type=\"image.default\">\n\t\t\t\t<div class=\"elementor-widget-container\">\n\t\t\t\t\t\t\t\t\t\t\t\t\t\t\t<img loading=\"lazy\" decoding=\"async\" width=\"300\" height=\"300\" src=\"https:\/\/afman.fr\/wp-content\/uploads\/2024\/02\/Amandine-Pinel-e1707746907394-300x300.jpg\" class=\"attachment-medium size-medium wp-image-1556\" alt=\"\" srcset=\"https:\/\/afman.fr\/wp-content\/uploads\/2024\/02\/Amandine-Pinel-e1707746907394-300x300.jpg 300w, https:\/\/afman.fr\/wp-content\/uploads\/2024\/02\/Amandine-Pinel-e1707746907394-150x150.jpg 150w, https:\/\/afman.fr\/wp-content\/uploads\/2024\/02\/Amandine-Pinel-e1707746907394-768x771.jpg 768w, https:\/\/afman.fr\/wp-content\/uploads\/2024\/02\/Amandine-Pinel-e1707746907394-600x602.jpg 600w, https:\/\/afman.fr\/wp-content\/uploads\/2024\/02\/Amandine-Pinel-e1707746907394-800x800.jpg 800w, https:\/\/afman.fr\/wp-content\/uploads\/2024\/02\/Amandine-Pinel-e1707746907394.jpg 873w\" sizes=\"auto, (max-width: 300px) 100vw, 300px\" \/>\t\t\t\t\t\t\t\t\t\t\t\t\t\t\t<\/div>\n\t\t\t\t<\/div>\n\t\t\t\t\t<\/div>\n\t\t<\/div>\n\t\t\t\t\t\t\t<\/div>\n\t\t<\/section>\n\t\t\t\t\t\t\t<\/div>\n\t\t","protected":false},"excerpt":{"rendered":"<p>Ard\u00e8che B\u00e9n\u00e9dicte Faugloire Doula Saint-Rem\u00e8ze 0688274453 bene@doulabene.fr www.doulabene.fr Loire Julie Michallet Doula Saint-Just-Saint-Rambert 0631062668 ju.michallet@gmail.com juliemichallet.fr Rh\u00f4ne Amandine Pinel Amandine Bien Na\u00eetre Doula et praticienne en EFT Rontalon 07 65 63 04 69 amandine.bien.naitre@gmail.com amandine-bien-naitre-doula.fr<\/p>\n","protected":false},"author":1,"featured_media":0,"parent":0,"menu_order":0,"comment_status":"closed","ping_status":"closed","template":"","meta":{"site-sidebar-layout":"no-sidebar","site-content-layout":"page-builder","ast-global-header-display":"","ast-main-header-display":"","ast-hfb-above-header-display":"","ast-hfb-below-header-display":"","ast-hfb-mobile-header-display":"","site-post-title":"disabled","ast-breadcrumbs-content":"","ast-featured-img":"disabled","footer-sml-layout":"","theme-transparent-header-meta":"","adv-header-id-meta":"","stick-header-meta":"","header-above-stick-meta":"","header-main-stick-meta":"","header-below-stick-meta":"","footnotes":""},"class_list":["post-152","page","type-page","status-publish","hentry"],"featured_media_urls":[],"_links":{"self":[{"href":"https:\/\/afman.fr\/index.php\/wp-json\/wp\/v2\/pages\/152","targetHints":{"allow":["GET"]}}],"collection":[{"href":"https:\/\/afman.fr\/index.php\/wp-json\/wp\/v2\/pages"}],"about":[{"href":"https:\/\/afman.fr\/index.php\/wp-json\/wp\/v2\/types\/page"}],"author":[{"embeddable":true,"href":"https:\/\/afman.fr\/index.php\/wp-json\/wp\/v2\/users\/1"}],"replies":[{"embeddable":true,"href":"https:\/\/afman.fr\/index.php\/wp-json\/wp\/v2\/comments?post=152"}],"version-history":[{"count":94,"href":"https:\/\/afman.fr\/index.php\/wp-json\/wp\/v2\/pages\/152\/revisions"}],"predecessor-version":[{"id":2217,"href":"https:\/\/afman.fr\/index.php\/wp-json\/wp\/v2\/pages\/152\/revisions\/2217"}],"wp:attachment":[{"href":"https:\/\/afman.fr\/index.php\/wp-json\/wp\/v2\/media?parent=152"}],"curies":[{"name":"wp","href":"https:\/\/api.w.org\/{rel}","templated":true}]}}