{"id":153,"date":"2022-11-17T10:07:09","date_gmt":"2022-11-17T09:07:09","guid":{"rendered":"https:\/\/afman.fr\/?page_id=153"},"modified":"2026-03-13T15:10:24","modified_gmt":"2026-03-13T14:10:24","slug":"bourgogne-franche-comte","status":"publish","type":"page","link":"https:\/\/afman.fr\/index.php\/bourgogne-franche-comte\/","title":{"rendered":"Bourgogne-Franche-Comt\u00e9"},"content":{"rendered":"\t\t<div data-elementor-type=\"wp-page\" data-elementor-id=\"153\" class=\"elementor elementor-153\">\n\t\t\t\t\t\t\t\t\t<section class=\"elementor-section elementor-top-section elementor-element elementor-element-df15b51 elementor-section-boxed elementor-section-height-default elementor-section-height-default\" data-id=\"df15b51\" data-element_type=\"section\">\n\t\t\t\t\t\t<div class=\"elementor-container elementor-column-gap-default\">\n\t\t\t\t\t<div class=\"elementor-column elementor-col-100 elementor-top-column elementor-element elementor-element-599f593\" data-id=\"599f593\" data-element_type=\"column\">\n\t\t\t<div class=\"elementor-widget-wrap elementor-element-populated\">\n\t\t\t\t\t\t\t\t<div class=\"elementor-element elementor-element-81c6fc0 elementor-widget elementor-widget-heading\" data-id=\"81c6fc0\" data-element_type=\"widget\" data-widget_type=\"heading.default\">\n\t\t\t\t<div class=\"elementor-widget-container\">\n\t\t\t<style>\/*! elementor - v3.11.1 - 15-02-2023 *\/\n.elementor-heading-title{padding:0;margin:0;line-height:1}.elementor-widget-heading .elementor-heading-title[class*=elementor-size-]>a{color:inherit;font-size:inherit;line-height:inherit}.elementor-widget-heading .elementor-heading-title.elementor-size-small{font-size:15px}.elementor-widget-heading .elementor-heading-title.elementor-size-medium{font-size:19px}.elementor-widget-heading .elementor-heading-title.elementor-size-large{font-size:29px}.elementor-widget-heading .elementor-heading-title.elementor-size-xl{font-size:39px}.elementor-widget-heading .elementor-heading-title.elementor-size-xxl{font-size:59px}<\/style><h3 class=\"elementor-heading-title elementor-size-default\">Ni\u00e8vre<\/h3>\t\t<\/div>\n\t\t\t\t<\/div>\n\t\t\t\t\t<\/div>\n\t\t<\/div>\n\t\t\t\t\t\t\t<\/div>\n\t\t<\/section>\n\t\t\t\t<section class=\"elementor-section elementor-top-section elementor-element elementor-element-2d226d1 elementor-section-boxed elementor-section-height-default elementor-section-height-default\" data-id=\"2d226d1\" data-element_type=\"section\">\n\t\t\t\t\t\t<div class=\"elementor-container elementor-column-gap-default\">\n\t\t\t\t\t<div class=\"elementor-column elementor-col-50 elementor-top-column elementor-element elementor-element-a9c72d4\" data-id=\"a9c72d4\" data-element_type=\"column\">\n\t\t\t<div class=\"elementor-widget-wrap elementor-element-populated\">\n\t\t\t\t\t\t\t\t<div class=\"elementor-element elementor-element-d12062a elementor-widget elementor-widget-heading\" data-id=\"d12062a\" data-element_type=\"widget\" data-widget_type=\"heading.default\">\n\t\t\t\t<div class=\"elementor-widget-container\">\n\t\t\t<h4 class=\"elementor-heading-title elementor-size-default\">Orane Beresford-Wood<\/h4>\t\t<\/div>\n\t\t\t\t<\/div>\n\t\t\t\t<div class=\"elementor-element elementor-element-fa6da30 elementor-widget elementor-widget-text-editor\" data-id=\"fa6da30\" data-element_type=\"widget\" data-widget_type=\"text-editor.default\">\n\t\t\t\t<div class=\"elementor-widget-container\">\n\t\t\t<style>\/*! elementor - v3.11.1 - 15-02-2023 *\/\n.elementor-widget-text-editor.elementor-drop-cap-view-stacked .elementor-drop-cap{background-color:#818a91;color:#fff}.elementor-widget-text-editor.elementor-drop-cap-view-framed .elementor-drop-cap{color:#818a91;border:3px solid;background-color:transparent}.elementor-widget-text-editor:not(.elementor-drop-cap-view-default) .elementor-drop-cap{margin-top:8px}.elementor-widget-text-editor:not(.elementor-drop-cap-view-default) .elementor-drop-cap-letter{width:1em;height:1em}.elementor-widget-text-editor .elementor-drop-cap{float:left;text-align:center;line-height:1;font-size:50px}.elementor-widget-text-editor .elementor-drop-cap-letter{display:inline-block}<\/style>\t\t\t\t<h6><em>Parents boobs &amp; cie<\/em><\/h6><h6><span class=\"font-bold text-xl mt-1 mb-0\">Doula, consultante en lactation certifi\u00e9e IBCLC<\/span><\/h6><p class=\"mt-1 mb-0\">Nevers<\/p><p class=\"mt-1 mb-0\">0632365357<\/p><p class=\"mt-1 mb-0\"><a class=\"\" href=\"parentsboobsetcie@gmail.com\">parentsboobsetcie@gmail.com<\/a><\/p><p class=\"mt-1 mb-0\"><a class=\"\" href=\"http:\/\/www.parents-boobs-et-cie.fr\">www.parents-boobs-et-cie.fr<\/a><\/p>\t\t\t\t\t\t<\/div>\n\t\t\t\t<\/div>\n\t\t\t\t\t<\/div>\n\t\t<\/div>\n\t\t\t\t<div class=\"elementor-column elementor-col-50 elementor-top-column elementor-element elementor-element-dc23dde\" data-id=\"dc23dde\" data-element_type=\"column\">\n\t\t\t<div class=\"elementor-widget-wrap elementor-element-populated\">\n\t\t\t\t\t\t\t\t<div class=\"elementor-element elementor-element-c780f1c elementor-widget elementor-widget-image\" data-id=\"c780f1c\" data-element_type=\"widget\" data-widget_type=\"image.default\">\n\t\t\t\t<div class=\"elementor-widget-container\">\n\t\t\t<style>\/*! elementor - v3.11.1 - 15-02-2023 *\/\n.elementor-widget-image{text-align:center}.elementor-widget-image a{display:inline-block}.elementor-widget-image a img[src$=\".svg\"]{width:48px}.elementor-widget-image img{vertical-align:middle;display:inline-block}<\/style>\t\t\t\t\t\t\t\t\t\t\t\t<img loading=\"lazy\" decoding=\"async\" width=\"768\" height=\"512\" src=\"https:\/\/afman.fr\/wp-content\/uploads\/2026\/03\/Orane-BeresfordWood-768x512.jpg\" class=\"attachment-medium_large size-medium_large wp-image-2116\" alt=\"\" srcset=\"https:\/\/afman.fr\/wp-content\/uploads\/2026\/03\/Orane-BeresfordWood-768x512.jpg 768w, https:\/\/afman.fr\/wp-content\/uploads\/2026\/03\/Orane-BeresfordWood-300x200.jpg 300w, https:\/\/afman.fr\/wp-content\/uploads\/2026\/03\/Orane-BeresfordWood-1024x683.jpg 1024w, https:\/\/afman.fr\/wp-content\/uploads\/2026\/03\/Orane-BeresfordWood-1536x1024.jpg 1536w, https:\/\/afman.fr\/wp-content\/uploads\/2026\/03\/Orane-BeresfordWood-2048x1365.jpg 2048w, https:\/\/afman.fr\/wp-content\/uploads\/2026\/03\/Orane-BeresfordWood-600x400.jpg 600w\" sizes=\"auto, (max-width: 768px) 100vw, 768px\" \/>\t\t\t\t\t\t\t\t\t\t\t\t\t\t\t<\/div>\n\t\t\t\t<\/div>\n\t\t\t\t\t<\/div>\n\t\t<\/div>\n\t\t\t\t\t\t\t<\/div>\n\t\t<\/section>\n\t\t\t\t<section class=\"elementor-section elementor-top-section elementor-element elementor-element-30301f0 elementor-section-boxed elementor-section-height-default elementor-section-height-default\" data-id=\"30301f0\" data-element_type=\"section\">\n\t\t\t\t\t\t<div class=\"elementor-container elementor-column-gap-default\">\n\t\t\t\t\t<div class=\"elementor-column elementor-col-100 elementor-top-column elementor-element elementor-element-edf588a\" data-id=\"edf588a\" data-element_type=\"column\">\n\t\t\t<div class=\"elementor-widget-wrap elementor-element-populated\">\n\t\t\t\t\t\t\t\t<div class=\"elementor-element elementor-element-f33b4e5 elementor-widget elementor-widget-heading\" data-id=\"f33b4e5\" data-element_type=\"widget\" data-widget_type=\"heading.default\">\n\t\t\t\t<div class=\"elementor-widget-container\">\n\t\t\t<h3 class=\"elementor-heading-title elementor-size-default\">Sa\u00f4ne-et-Loire<\/h3>\t\t<\/div>\n\t\t\t\t<\/div>\n\t\t\t\t\t<\/div>\n\t\t<\/div>\n\t\t\t\t\t\t\t<\/div>\n\t\t<\/section>\n\t\t\t\t<section class=\"elementor-section elementor-top-section elementor-element elementor-element-870ae64 elementor-section-boxed elementor-section-height-default elementor-section-height-default\" data-id=\"870ae64\" data-element_type=\"section\">\n\t\t\t\t\t\t<div class=\"elementor-container elementor-column-gap-default\">\n\t\t\t\t\t<div class=\"elementor-column elementor-col-50 elementor-top-column elementor-element elementor-element-4cfc9d3\" data-id=\"4cfc9d3\" data-element_type=\"column\">\n\t\t\t<div class=\"elementor-widget-wrap elementor-element-populated\">\n\t\t\t\t\t\t\t\t<div class=\"elementor-element elementor-element-02dac19 elementor-widget elementor-widget-heading\" data-id=\"02dac19\" data-element_type=\"widget\" data-widget_type=\"heading.default\">\n\t\t\t\t<div class=\"elementor-widget-container\">\n\t\t\t<h4 class=\"elementor-heading-title elementor-size-default\">Caroline Nogu\u00e8s<\/h4>\t\t<\/div>\n\t\t\t\t<\/div>\n\t\t\t\t<div class=\"elementor-element elementor-element-ea7a9f4 elementor-widget elementor-widget-text-editor\" data-id=\"ea7a9f4\" data-element_type=\"widget\" data-widget_type=\"text-editor.default\">\n\t\t\t\t<div class=\"elementor-widget-container\">\n\t\t\t\t\t\t\t<h6><span class=\"font-bold text-xl mt-1 mb-0\">Doula et praticienne en r\u00e9flexes archa\u00efques<\/span><\/h6><p class=\"mt-1 mb-0\">Charolles<\/p><p class=\"mt-1 mb-0\">0601774898<\/p><p class=\"mt-1 mb-0\"><a class=\"\" href=\"lbnaissance@gmail.com\">lbnaissance@gmail.com<\/a><\/p><p><a href=\"https:\/\/www.facebook.com\/Labellenaissance\/\">https:\/\/www.facebook.com\/Labellenaissance\/<\/a><\/p>\t\t\t\t\t\t<\/div>\n\t\t\t\t<\/div>\n\t\t\t\t\t<\/div>\n\t\t<\/div>\n\t\t\t\t<div class=\"elementor-column elementor-col-50 elementor-top-column elementor-element elementor-element-b128aeb\" data-id=\"b128aeb\" data-element_type=\"column\">\n\t\t\t<div class=\"elementor-widget-wrap elementor-element-populated\">\n\t\t\t\t\t\t\t\t<div class=\"elementor-element elementor-element-298676e elementor-widget elementor-widget-image\" data-id=\"298676e\" data-element_type=\"widget\" data-widget_type=\"image.default\">\n\t\t\t\t<div class=\"elementor-widget-container\">\n\t\t\t\t\t\t\t\t\t\t\t\t\t\t\t<img loading=\"lazy\" decoding=\"async\" width=\"270\" height=\"300\" src=\"https:\/\/afman.fr\/wp-content\/uploads\/2026\/03\/Caroline-Nogues-270x300.jpg\" class=\"attachment-medium size-medium wp-image-2164\" alt=\"\" srcset=\"https:\/\/afman.fr\/wp-content\/uploads\/2026\/03\/Caroline-Nogues-270x300.jpg 270w, https:\/\/afman.fr\/wp-content\/uploads\/2026\/03\/Caroline-Nogues-921x1024.jpg 921w, https:\/\/afman.fr\/wp-content\/uploads\/2026\/03\/Caroline-Nogues-768x854.jpg 768w, https:\/\/afman.fr\/wp-content\/uploads\/2026\/03\/Caroline-Nogues-1381x1536.jpg 1381w, https:\/\/afman.fr\/wp-content\/uploads\/2026\/03\/Caroline-Nogues-600x667.jpg 600w, https:\/\/afman.fr\/wp-content\/uploads\/2026\/03\/Caroline-Nogues.jpg 1439w\" sizes=\"auto, (max-width: 270px) 100vw, 270px\" \/>\t\t\t\t\t\t\t\t\t\t\t\t\t\t\t<\/div>\n\t\t\t\t<\/div>\n\t\t\t\t\t<\/div>\n\t\t<\/div>\n\t\t\t\t\t\t\t<\/div>\n\t\t<\/section>\n\t\t\t\t\t\t\t<\/div>\n\t\t","protected":false},"excerpt":{"rendered":"<p>Ni\u00e8vre Orane Beresford-Wood Parents boobs &amp; cie Doula, consultante en lactation certifi\u00e9e IBCLC Nevers 0632365357 parentsboobsetcie@gmail.com www.parents-boobs-et-cie.fr Sa\u00f4ne-et-Loire Caroline Nogu\u00e8s Doula et praticienne en r\u00e9flexes archa\u00efques Charolles 0601774898 lbnaissance@gmail.com https:\/\/www.facebook.com\/Labellenaissance\/<\/p>\n","protected":false},"author":1,"featured_media":0,"parent":0,"menu_order":0,"comment_status":"closed","ping_status":"closed","template":"","meta":{"site-sidebar-layout":"no-sidebar","site-content-layout":"page-builder","ast-global-header-display":"","ast-main-header-display":"","ast-hfb-above-header-display":"","ast-hfb-below-header-display":"","ast-hfb-mobile-header-display":"","site-post-title":"disabled","ast-breadcrumbs-content":"","ast-featured-img":"disabled","footer-sml-layout":"","theme-transparent-header-meta":"","adv-header-id-meta":"","stick-header-meta":"","header-above-stick-meta":"","header-main-stick-meta":"","header-below-stick-meta":"","footnotes":""},"class_list":["post-153","page","type-page","status-publish","hentry"],"featured_media_urls":[],"_links":{"self":[{"href":"https:\/\/afman.fr\/index.php\/wp-json\/wp\/v2\/pages\/153","targetHints":{"allow":["GET"]}}],"collection":[{"href":"https:\/\/afman.fr\/index.php\/wp-json\/wp\/v2\/pages"}],"about":[{"href":"https:\/\/afman.fr\/index.php\/wp-json\/wp\/v2\/types\/page"}],"author":[{"embeddable":true,"href":"https:\/\/afman.fr\/index.php\/wp-json\/wp\/v2\/users\/1"}],"replies":[{"embeddable":true,"href":"https:\/\/afman.fr\/index.php\/wp-json\/wp\/v2\/comments?post=153"}],"version-history":[{"count":19,"href":"https:\/\/afman.fr\/index.php\/wp-json\/wp\/v2\/pages\/153\/revisions"}],"predecessor-version":[{"id":2170,"href":"https:\/\/afman.fr\/index.php\/wp-json\/wp\/v2\/pages\/153\/revisions\/2170"}],"wp:attachment":[{"href":"https:\/\/afman.fr\/index.php\/wp-json\/wp\/v2\/media?parent=153"}],"curies":[{"name":"wp","href":"https:\/\/api.w.org\/{rel}","templated":true}]}}