{"id":170,"date":"2022-11-17T10:07:09","date_gmt":"2022-11-17T09:07:09","guid":{"rendered":"https:\/\/afman.fr\/?page_id=170"},"modified":"2022-11-17T17:35:17","modified_gmt":"2022-11-17T16:35:17","slug":"le-marrainage","status":"publish","type":"page","link":"https:\/\/afman.fr\/index.php\/le-marrainage\/","title":{"rendered":"Le marrainage"},"content":{"rendered":"\t\t<div data-elementor-type=\"wp-page\" data-elementor-id=\"170\" class=\"elementor elementor-170\">\n\t\t\t\t\t\t\t\t\t<section class=\"elementor-section elementor-top-section elementor-element elementor-element-0bea9b5 elementor-section-boxed elementor-section-height-default elementor-section-height-default\" data-id=\"0bea9b5\" data-element_type=\"section\">\n\t\t\t\t\t\t<div class=\"elementor-container elementor-column-gap-default\">\n\t\t\t\t\t<div class=\"elementor-column elementor-col-50 elementor-top-column elementor-element elementor-element-8c79e78\" data-id=\"8c79e78\" data-element_type=\"column\">\n\t\t\t<div class=\"elementor-widget-wrap elementor-element-populated\">\n\t\t\t\t\t\t\t\t<div class=\"elementor-element elementor-element-3404f21 elementor-widget elementor-widget-image\" data-id=\"3404f21\" data-element_type=\"widget\" data-widget_type=\"image.default\">\n\t\t\t\t<div class=\"elementor-widget-container\">\n\t\t\t<style>\/*! elementor - v3.11.1 - 15-02-2023 *\/\n.elementor-widget-image{text-align:center}.elementor-widget-image a{display:inline-block}.elementor-widget-image a img[src$=\".svg\"]{width:48px}.elementor-widget-image img{vertical-align:middle;display:inline-block}<\/style>\t\t\t\t\t\t\t\t\t\t\t\t<img loading=\"lazy\" decoding=\"async\" width=\"410\" height=\"1024\" src=\"https:\/\/afman.fr\/wp-content\/uploads\/2022\/11\/marraine-410x1024.jpg\" class=\"attachment-large size-large wp-image-477\" alt=\"\" srcset=\"https:\/\/afman.fr\/wp-content\/uploads\/2022\/11\/marraine-410x1024.jpg 410w, https:\/\/afman.fr\/wp-content\/uploads\/2022\/11\/marraine-120x300.jpg 120w, https:\/\/afman.fr\/wp-content\/uploads\/2022\/11\/marraine-768x1920.jpg 768w, https:\/\/afman.fr\/wp-content\/uploads\/2022\/11\/marraine-600x1500.jpg 600w, https:\/\/afman.fr\/wp-content\/uploads\/2022\/11\/marraine.jpg 800w\" sizes=\"auto, (max-width: 410px) 100vw, 410px\" \/>\t\t\t\t\t\t\t\t\t\t\t\t\t\t\t<\/div>\n\t\t\t\t<\/div>\n\t\t\t\t\t<\/div>\n\t\t<\/div>\n\t\t\t\t<div class=\"elementor-column elementor-col-50 elementor-top-column elementor-element elementor-element-cb1dd4b\" data-id=\"cb1dd4b\" data-element_type=\"column\">\n\t\t\t<div class=\"elementor-widget-wrap elementor-element-populated\">\n\t\t\t\t\t\t\t\t<div class=\"elementor-element elementor-element-f5b1b95 elementor-widget elementor-widget-text-editor\" data-id=\"f5b1b95\" data-element_type=\"widget\" data-widget_type=\"text-editor.default\">\n\t\t\t\t<div class=\"elementor-widget-container\">\n\t\t\t<style>\/*! elementor - v3.11.1 - 15-02-2023 *\/\n.elementor-widget-text-editor.elementor-drop-cap-view-stacked .elementor-drop-cap{background-color:#818a91;color:#fff}.elementor-widget-text-editor.elementor-drop-cap-view-framed .elementor-drop-cap{color:#818a91;border:3px solid;background-color:transparent}.elementor-widget-text-editor:not(.elementor-drop-cap-view-default) .elementor-drop-cap{margin-top:8px}.elementor-widget-text-editor:not(.elementor-drop-cap-view-default) .elementor-drop-cap-letter{width:1em;height:1em}.elementor-widget-text-editor .elementor-drop-cap{float:left;text-align:center;line-height:1;font-size:50px}.elementor-widget-text-editor .elementor-drop-cap-letter{display:inline-block}<\/style>\t\t\t\t<h3>Qu&#8217;est-ce que le marrainage ?<\/h3><p>L&#8217;AFMAN propose \u00e0 chaque doula en formation ou certifi\u00e9e et \u00e9tant membre adh\u00e9rent, un syst\u00e8me de marrainage.<\/p><p>L&#8217;accompagnante peut ainsi b\u00e9n\u00e9ficier d&#8217;un soutien pour son premier accompagnement de famille.<\/p><p>Il est pour nous essentiel de passer par cette \u00e9tape, ce cheminement, pour nous construire en tant que doula.<\/p><p>\u00a0<\/p><h3>Comment cela s&#8217;organise-t-il ?<\/h3><p>Une marraine, id\u00e9alement la plus proche g\u00e9ographiquement, sera propos\u00e9e afin de la soutenir dans son premier accompagnement (rencontre en vrai si envisageable, temps d&#8217;observation,r\u00e9pondre aux questions, guider, rassurer, informer&#8230;)<\/p><p>Ce premier accompagnement devra comporter au minimum une rencontre pr\u00e9natale, une pr\u00e9sence \u00e0 l&#8217;accouchement ou \u00e0 d\u00e9faut un suivi \u00e0 distance le jour J, via les moyens de communication actuels (textos, visioconf\u00e9rence, &#8230;) et une rencontre postnatale.<\/p><p>Les futurs parents accompagn\u00e9s doivent avoir \u00e9t\u00e9 consult\u00e9s et \u00eatre en accord avec le soutien de cette marraine, notamment pour la transmission d&#8217;informations.<\/p><p>En ce sens, la marraine s&#8217;engage \u00e0 ne rien divulguer.<\/p><p>Ce premier accompagnement effectu\u00e9, la marraine fait un retour \u00e9crit \u00e0 l&#8217;association. Apr\u00e8s validation du conseil d&#8217;administration,l&#8217;accompagnante pourra ainsi devenir membre actif et int\u00e9grer l&#8217;annuaire pluridisciplinaire.<\/p><p>\u00a0<\/p><h3>Envie d&#8217;\u00eatre marraine ?<\/h3><p>Notre association est un collectif.<br \/>C&#8217;est pourquoi chaque doula avec de l&#8217;exp\u00e9rience peut, si elle le souhaite, devenir marraine.<br \/>Pour cela, il suffit de nous le signaler lors de votre adh\u00e9sion en tant que membre actif.<\/p>\t\t\t\t\t\t<\/div>\n\t\t\t\t<\/div>\n\t\t\t\t\t<\/div>\n\t\t<\/div>\n\t\t\t\t\t\t\t<\/div>\n\t\t<\/section>\n\t\t\t\t\t\t\t<\/div>\n\t\t","protected":false},"excerpt":{"rendered":"<p>Qu&#8217;est-ce que le marrainage ? L&#8217;AFMAN propose \u00e0 chaque doula en formation ou certifi\u00e9e et \u00e9tant membre adh\u00e9rent, un syst\u00e8me de marrainage. L&#8217;accompagnante peut ainsi b\u00e9n\u00e9ficier d&#8217;un soutien pour son premier accompagnement de famille. Il est pour nous essentiel de passer par cette \u00e9tape, ce cheminement, pour nous construire en tant que doula. \u00a0 Comment &hellip;<\/p>\n<p class=\"read-more\"> <a class=\"\" href=\"https:\/\/afman.fr\/index.php\/le-marrainage\/\"> <span class=\"screen-reader-text\">Le marrainage<\/span> Lire la suite\u00a0\u00bb<\/a><\/p>\n","protected":false},"author":1,"featured_media":0,"parent":0,"menu_order":0,"comment_status":"closed","ping_status":"closed","template":"","meta":{"site-sidebar-layout":"no-sidebar","site-content-layout":"page-builder","ast-global-header-display":"","ast-main-header-display":"","ast-hfb-above-header-display":"","ast-hfb-below-header-display":"","ast-hfb-mobile-header-display":"","site-post-title":"disabled","ast-breadcrumbs-content":"","ast-featured-img":"disabled","footer-sml-layout":"","theme-transparent-header-meta":"","adv-header-id-meta":"","stick-header-meta":"","header-above-stick-meta":"","header-main-stick-meta":"","header-below-stick-meta":"","footnotes":""},"class_list":["post-170","page","type-page","status-publish","hentry"],"featured_media_urls":[],"_links":{"self":[{"href":"https:\/\/afman.fr\/index.php\/wp-json\/wp\/v2\/pages\/170","targetHints":{"allow":["GET"]}}],"collection":[{"href":"https:\/\/afman.fr\/index.php\/wp-json\/wp\/v2\/pages"}],"about":[{"href":"https:\/\/afman.fr\/index.php\/wp-json\/wp\/v2\/types\/page"}],"author":[{"embeddable":true,"href":"https:\/\/afman.fr\/index.php\/wp-json\/wp\/v2\/users\/1"}],"replies":[{"embeddable":true,"href":"https:\/\/afman.fr\/index.php\/wp-json\/wp\/v2\/comments?post=170"}],"version-history":[{"count":13,"href":"https:\/\/afman.fr\/index.php\/wp-json\/wp\/v2\/pages\/170\/revisions"}],"predecessor-version":[{"id":480,"href":"https:\/\/afman.fr\/index.php\/wp-json\/wp\/v2\/pages\/170\/revisions\/480"}],"wp:attachment":[{"href":"https:\/\/afman.fr\/index.php\/wp-json\/wp\/v2\/media?parent=170"}],"curies":[{"name":"wp","href":"https:\/\/api.w.org\/{rel}","templated":true}]}}