{"id":171,"date":"2022-11-17T10:07:09","date_gmt":"2022-11-17T09:07:09","guid":{"rendered":"https:\/\/afman.fr\/?page_id=171"},"modified":"2024-07-04T22:02:33","modified_gmt":"2024-07-04T20:02:33","slug":"valeurs-de-lassociation-charte","status":"publish","type":"page","link":"https:\/\/afman.fr\/index.php\/valeurs-de-lassociation-charte\/","title":{"rendered":"Valeurs de l&#8217;association &#8211; charte"},"content":{"rendered":"\t\t<div data-elementor-type=\"wp-page\" data-elementor-id=\"171\" class=\"elementor elementor-171\">\n\t\t\t\t\t\t\t\t\t<section class=\"elementor-section elementor-top-section elementor-element elementor-element-8e47c24 elementor-section-boxed elementor-section-height-default elementor-section-height-default\" data-id=\"8e47c24\" data-element_type=\"section\">\n\t\t\t\t\t\t<div class=\"elementor-container elementor-column-gap-default\">\n\t\t\t\t\t<div class=\"elementor-column elementor-col-50 elementor-top-column elementor-element elementor-element-246c038\" data-id=\"246c038\" data-element_type=\"column\">\n\t\t\t<div class=\"elementor-widget-wrap elementor-element-populated\">\n\t\t\t\t\t\t\t\t<div class=\"elementor-element elementor-element-4a444fd elementor-widget elementor-widget-image\" data-id=\"4a444fd\" data-element_type=\"widget\" data-widget_type=\"image.default\">\n\t\t\t\t<div class=\"elementor-widget-container\">\n\t\t\t<style>\/*! elementor - v3.11.1 - 15-02-2023 *\/\n.elementor-widget-image{text-align:center}.elementor-widget-image a{display:inline-block}.elementor-widget-image a img[src$=\".svg\"]{width:48px}.elementor-widget-image img{vertical-align:middle;display:inline-block}<\/style>\t\t\t\t\t\t\t\t\t\t\t\t<img loading=\"lazy\" decoding=\"async\" width=\"410\" height=\"1024\" src=\"https:\/\/afman.fr\/wp-content\/uploads\/2022\/11\/bebe-410x1024.jpg\" class=\"attachment-large size-large wp-image-482\" alt=\"\" srcset=\"https:\/\/afman.fr\/wp-content\/uploads\/2022\/11\/bebe-410x1024.jpg 410w, https:\/\/afman.fr\/wp-content\/uploads\/2022\/11\/bebe-120x300.jpg 120w, https:\/\/afman.fr\/wp-content\/uploads\/2022\/11\/bebe-768x1920.jpg 768w, https:\/\/afman.fr\/wp-content\/uploads\/2022\/11\/bebe-600x1500.jpg 600w, https:\/\/afman.fr\/wp-content\/uploads\/2022\/11\/bebe.jpg 800w\" sizes=\"auto, (max-width: 410px) 100vw, 410px\" \/>\t\t\t\t\t\t\t\t\t\t\t\t\t\t\t<\/div>\n\t\t\t\t<\/div>\n\t\t\t\t\t<\/div>\n\t\t<\/div>\n\t\t\t\t<div class=\"elementor-column elementor-col-50 elementor-top-column elementor-element elementor-element-c4a011d\" data-id=\"c4a011d\" data-element_type=\"column\">\n\t\t\t<div class=\"elementor-widget-wrap elementor-element-populated\">\n\t\t\t\t\t\t\t\t<div class=\"elementor-element elementor-element-fbbd7f2 elementor-align-center elementor-widget elementor-widget-button\" data-id=\"fbbd7f2\" data-element_type=\"widget\" data-widget_type=\"button.default\">\n\t\t\t\t<div class=\"elementor-widget-container\">\n\t\t\t\t\t<div class=\"elementor-button-wrapper\">\n\t\t\t<a href=\"http:\/\/afman.fr\/wp-content\/uploads\/2022\/11\/Valeurs.pdf\" class=\"elementor-button-link elementor-button elementor-size-sm\" role=\"button\">\n\t\t\t\t\t\t<span class=\"elementor-button-content-wrapper\">\n\t\t\t\t\t\t\t<span class=\"elementor-button-icon elementor-align-icon-left\">\n\t\t\t\t<i aria-hidden=\"true\" class=\"fas fa-arrow-alt-circle-down\"><\/i>\t\t\t<\/span>\n\t\t\t\t\t\t<span class=\"elementor-button-text\">Nos valeurs - charte (pdf)<\/span>\n\t\t<\/span>\n\t\t\t\t\t<\/a>\n\t\t<\/div>\n\t\t\t\t<\/div>\n\t\t\t\t<\/div>\n\t\t\t\t<div class=\"elementor-element elementor-element-dd59389 elementor-widget elementor-widget-text-editor\" data-id=\"dd59389\" data-element_type=\"widget\" data-widget_type=\"text-editor.default\">\n\t\t\t\t<div class=\"elementor-widget-container\">\n\t\t\t<style>\/*! elementor - v3.11.1 - 15-02-2023 *\/\n.elementor-widget-text-editor.elementor-drop-cap-view-stacked .elementor-drop-cap{background-color:#818a91;color:#fff}.elementor-widget-text-editor.elementor-drop-cap-view-framed .elementor-drop-cap{color:#818a91;border:3px solid;background-color:transparent}.elementor-widget-text-editor:not(.elementor-drop-cap-view-default) .elementor-drop-cap{margin-top:8px}.elementor-widget-text-editor:not(.elementor-drop-cap-view-default) .elementor-drop-cap-letter{width:1em;height:1em}.elementor-widget-text-editor .elementor-drop-cap{float:left;text-align:center;line-height:1;font-size:50px}.elementor-widget-text-editor .elementor-drop-cap-letter{display:inline-block}<\/style>\t\t\t\t<h3>Nos valeurs (charte)<\/h3><ul><li>Nous soutenons les futurs parents dans le respect de leurs choix. Nous agissons avec un devoir de neutralit\u00e9 et de non-jugement, dans l&#8217;\u00e9coute et l&#8217;accueil.<\/li><li>Nous sommes une ressource, permettant aux futurs parents de retrouver de l&#8217;autonomie et de garder leur pouvoir de d\u00e9cision, et plus globalement d&#8217;\u00eatre acteurs de la naissance de leur(s) enfant(s).<\/li><li>Notre appui est physique, \u00e9motionnel, affectif, organisationnel.<\/li><li>Nous sommes dans la relation d&#8217;aide, la pr\u00e9sence, le respect, l&#8217;empathie, l&#8217;authenticit\u00e9, la bienveillance, l&#8217;\u00e9coute, et cela avec notre sensibilit\u00e9 et sans discrimination.<\/li><li>Nous nous engageons \u00e0 favoriser l&#8217;humain au coeur du processus de la grossesse, de la naissance et du quatri\u00e8me trimestre.<\/li><\/ul><h3>Nos engagements<\/h3><ul><li>Nous agissons en compl\u00e9mentarit\u00e9 du suivi m\u00e9dical avec un professionnel de sant\u00e9. En aucun cas, nous ne pouvons nous substituer \u00e0 celui-ci. Nous ne posons aucun diagnostic et ne faisons aucun acte m\u00e9dical.<\/li><li>Nous soutenons les parents \u00e0 l&#8217;accouchement en accord avec l&#8217;\u00e9quipe m\u00e9dicale et exclusivement en leur pr\u00e9sence. Dans ce cadre, nous favorisons le lien entre les professionnels de sant\u00e9 et les futurs parents.<\/li><li>Nous avons un devoir de confidentialit\u00e9. Nous ne divulguons aucune information et agissons sous couvert du secret professionnel.<\/li><li>Nous nous engageons \u00e0 renouveler notre pratique, notamment par la formation continue.<\/li><li>Nous n&#8217;allons jamais \u00e0 l&#8217;encontre d&#8217;une d\u00e9cision m\u00e9dicale.<\/li><\/ul><h3>Nos champs d&#8217;intervention<\/h3><ul><li>Notre intervention est possible d\u00e8s la pr\u00e9-conception jusqu&#8217;\u00e0 la p\u00e9riode postnatale, et plus globalement durant la construction de la cellule familiale.<\/li><li>Nous serons pr\u00e9sentes tout au long de la naissance si les parents le souhaitent et avec l&#8217;accord du professionnel de sant\u00e9.<\/li><li>Nous sommes des accompagnantes \u00e0 la naissance (doulas, consultantes en p\u00e9rinatalit\u00e9&#8230;) et de ce fait ne pratiquons aucun acte m\u00e9dical.<\/li><li>Nos services professionnels sont soumis \u00e0 une r\u00e9mun\u00e9ration.<\/li><\/ul><p>Chaque membre actif de l&#8217;association s&#8217;engage \u00e0 respecter nos valeurs ci-dessus. En cas de non-respect de celles-ci, il se verra exclu de l&#8217;association.<\/p>\t\t\t\t\t\t<\/div>\n\t\t\t\t<\/div>\n\t\t\t\t\t<\/div>\n\t\t<\/div>\n\t\t\t\t\t\t\t<\/div>\n\t\t<\/section>\n\t\t\t\t\t\t\t<\/div>\n\t\t","protected":false},"excerpt":{"rendered":"<p>Nos valeurs &#8211; charte (pdf) Nos valeurs (charte) Nous soutenons les futurs parents dans le respect de leurs choix. Nous agissons avec un devoir de neutralit\u00e9 et de non-jugement, dans l&#8217;\u00e9coute et l&#8217;accueil. Nous sommes une ressource, permettant aux futurs parents de retrouver de l&#8217;autonomie et de garder leur pouvoir de d\u00e9cision, et plus globalement &hellip;<\/p>\n<p class=\"read-more\"> <a class=\"\" href=\"https:\/\/afman.fr\/index.php\/valeurs-de-lassociation-charte\/\"> <span class=\"screen-reader-text\">Valeurs de l&#8217;association &#8211; charte<\/span> Lire la suite\u00a0\u00bb<\/a><\/p>\n","protected":false},"author":1,"featured_media":0,"parent":0,"menu_order":0,"comment_status":"closed","ping_status":"closed","template":"","meta":{"site-sidebar-layout":"no-sidebar","site-content-layout":"page-builder","ast-global-header-display":"","ast-main-header-display":"","ast-hfb-above-header-display":"","ast-hfb-below-header-display":"","ast-hfb-mobile-header-display":"","site-post-title":"disabled","ast-breadcrumbs-content":"","ast-featured-img":"disabled","footer-sml-layout":"","theme-transparent-header-meta":"","adv-header-id-meta":"","stick-header-meta":"","header-above-stick-meta":"","header-main-stick-meta":"","header-below-stick-meta":"","footnotes":""},"class_list":["post-171","page","type-page","status-publish","hentry"],"featured_media_urls":[],"_links":{"self":[{"href":"https:\/\/afman.fr\/index.php\/wp-json\/wp\/v2\/pages\/171","targetHints":{"allow":["GET"]}}],"collection":[{"href":"https:\/\/afman.fr\/index.php\/wp-json\/wp\/v2\/pages"}],"about":[{"href":"https:\/\/afman.fr\/index.php\/wp-json\/wp\/v2\/types\/page"}],"author":[{"embeddable":true,"href":"https:\/\/afman.fr\/index.php\/wp-json\/wp\/v2\/users\/1"}],"replies":[{"embeddable":true,"href":"https:\/\/afman.fr\/index.php\/wp-json\/wp\/v2\/comments?post=171"}],"version-history":[{"count":20,"href":"https:\/\/afman.fr\/index.php\/wp-json\/wp\/v2\/pages\/171\/revisions"}],"predecessor-version":[{"id":1672,"href":"https:\/\/afman.fr\/index.php\/wp-json\/wp\/v2\/pages\/171\/revisions\/1672"}],"wp:attachment":[{"href":"https:\/\/afman.fr\/index.php\/wp-json\/wp\/v2\/media?parent=171"}],"curies":[{"name":"wp","href":"https:\/\/api.w.org\/{rel}","templated":true}]}}